{"id":19794,"date":"2020-03-19T01:18:40","date_gmt":"2020-03-18T22:18:40","guid":{"rendered":"https:\/\/www.afidep.org\/upcoming-events\/"},"modified":"2022-11-29T01:56:40","modified_gmt":"2022-11-28T22:56:40","slug":"upcoming-events","status":"publish","type":"page","link":"https:\/\/afidep.org\/fr\/events\/upcoming-events\/","title":{"rendered":"\u00c9v\u00e9nements \u00e0 venir"},"content":{"rendered":"","protected":false},"excerpt":{"rendered":"","protected":false},"author":1,"featured_media":0,"parent":19819,"menu_order":0,"comment_status":"closed","ping_status":"closed","template":"upcoming-events.php","meta":{"_acf_changed":false,"give_campaign_id":0,"inline_featured_image":false,"footnotes":""},"class_list":["post-19794","page","type-page","status-publish","hentry"],"acf":[],"yoast_head":"<!-- This site is optimized with the Yoast SEO plugin v22.8 - https:\/\/yoast.com\/wordpress\/plugins\/seo\/ -->\n<title>\u00c9v\u00e9nements \u00e0 venir - African Institute for Development Policy - AFIDEP<\/title>\n<meta name=\"robots\" content=\"index, follow, max-snippet:-1, max-image-preview:large, max-video-preview:-1\" \/>\n<link rel=\"canonical\" href=\"https:\/\/afidep.org\/fr\/events\/upcoming-events\/\" \/>\n<meta property=\"og:locale\" content=\"fr_FR\" \/>\n<meta property=\"og:type\" content=\"article\" \/>\n<meta property=\"og:title\" content=\"\u00c9v\u00e9nements \u00e0 venir - African Institute for Development Policy - AFIDEP\" \/>\n<meta property=\"og:url\" content=\"https:\/\/afidep.org\/fr\/events\/upcoming-events\/\" \/>\n<meta property=\"og:site_name\" content=\"African Institute for Development Policy - AFIDEP\" \/>\n<meta property=\"article:modified_time\" content=\"2022-11-28T22:56:40+00:00\" \/>\n<meta name=\"twitter:card\" content=\"summary_large_image\" \/>\n<script type=\"application\/ld+json\" class=\"yoast-schema-graph\">{\"@context\":\"https:\/\/schema.org\",\"@graph\":[{\"@type\":\"WebPage\",\"@id\":\"https:\/\/afidep.org\/fr\/events\/upcoming-events\/\",\"url\":\"https:\/\/afidep.org\/fr\/events\/upcoming-events\/\",\"name\":\"\u00c9v\u00e9nements \u00e0 venir - African Institute for Development Policy - AFIDEP\",\"isPartOf\":{\"@id\":\"https:\/\/afidep.org\/fr\/#website\"},\"datePublished\":\"2020-03-18T22:18:40+00:00\",\"dateModified\":\"2022-11-28T22:56:40+00:00\",\"breadcrumb\":{\"@id\":\"https:\/\/afidep.org\/fr\/events\/upcoming-events\/#breadcrumb\"},\"inLanguage\":\"fr-FR\",\"potentialAction\":[{\"@type\":\"ReadAction\",\"target\":[\"https:\/\/afidep.org\/fr\/events\/upcoming-events\/\"]}]},{\"@type\":\"BreadcrumbList\",\"@id\":\"https:\/\/afidep.org\/fr\/events\/upcoming-events\/#breadcrumb\",\"itemListElement\":[{\"@type\":\"ListItem\",\"position\":1,\"name\":\"Home\",\"item\":\"https:\/\/afidep.org\/fr\/\"},{\"@type\":\"ListItem\",\"position\":2,\"name\":\"\u00c9v\u00e9nements\",\"item\":\"https:\/\/afidep.org\/fr\/events\/\"},{\"@type\":\"ListItem\",\"position\":3,\"name\":\"\u00c9v\u00e9nements \u00e0 venir\"}]},{\"@type\":\"WebSite\",\"@id\":\"https:\/\/afidep.org\/fr\/#website\",\"url\":\"https:\/\/afidep.org\/fr\/\",\"name\":\"African Institute for Development Policy - AFIDEP\",\"description\":\"Bridging Development Research, Policy &amp; Practice\",\"potentialAction\":[{\"@type\":\"SearchAction\",\"target\":{\"@type\":\"EntryPoint\",\"urlTemplate\":\"https:\/\/afidep.org\/fr\/?s={search_term_string}\"},\"query-input\":\"required name=search_term_string\"}],\"inLanguage\":\"fr-FR\"}]}<\/script>\n<!-- \/ Yoast SEO plugin. -->","yoast_head_json":{"title":"\u00c9v\u00e9nements \u00e0 venir - African Institute for Development Policy - AFIDEP","robots":{"index":"index","follow":"follow","max-snippet":"max-snippet:-1","max-image-preview":"max-image-preview:large","max-video-preview":"max-video-preview:-1"},"canonical":"https:\/\/afidep.org\/fr\/events\/upcoming-events\/","og_locale":"fr_FR","og_type":"article","og_title":"\u00c9v\u00e9nements \u00e0 venir - African Institute for Development Policy - AFIDEP","og_url":"https:\/\/afidep.org\/fr\/events\/upcoming-events\/","og_site_name":"African Institute for Development Policy - AFIDEP","article_modified_time":"2022-11-28T22:56:40+00:00","twitter_card":"summary_large_image","schema":{"@context":"https:\/\/schema.org","@graph":[{"@type":"WebPage","@id":"https:\/\/afidep.org\/fr\/events\/upcoming-events\/","url":"https:\/\/afidep.org\/fr\/events\/upcoming-events\/","name":"\u00c9v\u00e9nements \u00e0 venir - African Institute for Development Policy - AFIDEP","isPartOf":{"@id":"https:\/\/afidep.org\/fr\/#website"},"datePublished":"2020-03-18T22:18:40+00:00","dateModified":"2022-11-28T22:56:40+00:00","breadcrumb":{"@id":"https:\/\/afidep.org\/fr\/events\/upcoming-events\/#breadcrumb"},"inLanguage":"fr-FR","potentialAction":[{"@type":"ReadAction","target":["https:\/\/afidep.org\/fr\/events\/upcoming-events\/"]}]},{"@type":"BreadcrumbList","@id":"https:\/\/afidep.org\/fr\/events\/upcoming-events\/#breadcrumb","itemListElement":[{"@type":"ListItem","position":1,"name":"Home","item":"https:\/\/afidep.org\/fr\/"},{"@type":"ListItem","position":2,"name":"\u00c9v\u00e9nements","item":"https:\/\/afidep.org\/fr\/events\/"},{"@type":"ListItem","position":3,"name":"\u00c9v\u00e9nements \u00e0 venir"}]},{"@type":"WebSite","@id":"https:\/\/afidep.org\/fr\/#website","url":"https:\/\/afidep.org\/fr\/","name":"African Institute for Development Policy - AFIDEP","description":"Bridging Development Research, Policy &amp; Practice","potentialAction":[{"@type":"SearchAction","target":{"@type":"EntryPoint","urlTemplate":"https:\/\/afidep.org\/fr\/?s={search_term_string}"},"query-input":"required name=search_term_string"}],"inLanguage":"fr-FR"}]}},"campaignId":"","_links":{"self":[{"href":"https:\/\/afidep.org\/fr\/wp-json\/wp\/v2\/pages\/19794","targetHints":{"allow":["GET"]}}],"collection":[{"href":"https:\/\/afidep.org\/fr\/wp-json\/wp\/v2\/pages"}],"about":[{"href":"https:\/\/afidep.org\/fr\/wp-json\/wp\/v2\/types\/page"}],"author":[{"embeddable":true,"href":"https:\/\/afidep.org\/fr\/wp-json\/wp\/v2\/users\/1"}],"replies":[{"embeddable":true,"href":"https:\/\/afidep.org\/fr\/wp-json\/wp\/v2\/comments?post=19794"}],"version-history":[{"count":1,"href":"https:\/\/afidep.org\/fr\/wp-json\/wp\/v2\/pages\/19794\/revisions"}],"predecessor-version":[{"id":28209,"href":"https:\/\/afidep.org\/fr\/wp-json\/wp\/v2\/pages\/19794\/revisions\/28209"}],"up":[{"embeddable":true,"href":"https:\/\/afidep.org\/fr\/wp-json\/wp\/v2\/pages\/19819"}],"wp:attachment":[{"href":"https:\/\/afidep.org\/fr\/wp-json\/wp\/v2\/media?parent=19794"}],"curies":[{"name":"wp","href":"https:\/\/api.w.org\/{rel}","templated":true}]}}