{"id":19800,"date":"2019-06-17T11:00:48","date_gmt":"2019-06-17T08:00:48","guid":{"rendered":"https:\/\/www.afidep.org\/evidence-informed-policy-making-training-curriculum\/"},"modified":"2022-11-29T01:56:18","modified_gmt":"2022-11-28T22:56:18","slug":"evidence-informed-policy-making-training-curriculum","status":"publish","type":"page","link":"https:\/\/afidep.org\/fr\/resources\/trainings\/evidence-informed-policy-making-training-curriculum\/","title":{"rendered":"Programme de formation \u00e0 l&rsquo;\u00e9laboration de politiques fond\u00e9es sur des donn\u00e9es probantes"},"content":{"rendered":"","protected":false},"excerpt":{"rendered":"","protected":false},"author":1,"featured_media":0,"parent":19818,"menu_order":0,"comment_status":"closed","ping_status":"closed","template":"trainings.php","meta":{"_acf_changed":false,"give_campaign_id":0,"inline_featured_image":false,"footnotes":""},"class_list":["post-19800","page","type-page","status-publish","hentry"],"acf":[],"yoast_head":"<!-- This site is optimized with the Yoast SEO plugin v22.8 - https:\/\/yoast.com\/wordpress\/plugins\/seo\/ -->\n<title>Programme de formation \u00e0 l&#039;\u00e9laboration de politiques fond\u00e9es sur des donn\u00e9es probantes - African Institute for Development Policy - AFIDEP<\/title>\n<meta name=\"robots\" content=\"index, follow, max-snippet:-1, max-image-preview:large, max-video-preview:-1\" \/>\n<link rel=\"canonical\" href=\"https:\/\/afidep.org\/fr\/resources\/trainings\/evidence-informed-policy-making-training-curriculum\/\" \/>\n<meta property=\"og:locale\" content=\"fr_FR\" \/>\n<meta property=\"og:type\" content=\"article\" \/>\n<meta property=\"og:title\" content=\"Programme de formation \u00e0 l&#039;\u00e9laboration de politiques fond\u00e9es sur des donn\u00e9es probantes - African Institute for Development Policy - AFIDEP\" \/>\n<meta property=\"og:url\" content=\"https:\/\/afidep.org\/fr\/resources\/trainings\/evidence-informed-policy-making-training-curriculum\/\" \/>\n<meta property=\"og:site_name\" content=\"African Institute for Development Policy - AFIDEP\" \/>\n<meta property=\"article:modified_time\" content=\"2022-11-28T22:56:18+00:00\" \/>\n<meta name=\"twitter:card\" content=\"summary_large_image\" \/>\n<script type=\"application\/ld+json\" class=\"yoast-schema-graph\">{\"@context\":\"https:\/\/schema.org\",\"@graph\":[{\"@type\":\"WebPage\",\"@id\":\"https:\/\/afidep.org\/fr\/resources\/trainings\/evidence-informed-policy-making-training-curriculum\/\",\"url\":\"https:\/\/afidep.org\/fr\/resources\/trainings\/evidence-informed-policy-making-training-curriculum\/\",\"name\":\"Programme de formation \u00e0 l'\u00e9laboration de politiques fond\u00e9es sur des donn\u00e9es probantes - African Institute for Development Policy - AFIDEP\",\"isPartOf\":{\"@id\":\"https:\/\/afidep.org\/fr\/#website\"},\"datePublished\":\"2019-06-17T08:00:48+00:00\",\"dateModified\":\"2022-11-28T22:56:18+00:00\",\"breadcrumb\":{\"@id\":\"https:\/\/afidep.org\/fr\/resources\/trainings\/evidence-informed-policy-making-training-curriculum\/#breadcrumb\"},\"inLanguage\":\"fr-FR\",\"potentialAction\":[{\"@type\":\"ReadAction\",\"target\":[\"https:\/\/afidep.org\/fr\/resources\/trainings\/evidence-informed-policy-making-training-curriculum\/\"]}]},{\"@type\":\"BreadcrumbList\",\"@id\":\"https:\/\/afidep.org\/fr\/resources\/trainings\/evidence-informed-policy-making-training-curriculum\/#breadcrumb\",\"itemListElement\":[{\"@type\":\"ListItem\",\"position\":1,\"name\":\"Home\",\"item\":\"https:\/\/afidep.org\/fr\/\"},{\"@type\":\"ListItem\",\"position\":2,\"name\":\"Ressources\",\"item\":\"https:\/\/afidep.org\/fr\/resources\/\"},{\"@type\":\"ListItem\",\"position\":3,\"name\":\"Formations\",\"item\":\"https:\/\/afidep.org\/fr\/resources\/trainings\/\"},{\"@type\":\"ListItem\",\"position\":4,\"name\":\"Programme de formation \u00e0 l&rsquo;\u00e9laboration de politiques fond\u00e9es sur des donn\u00e9es probantes\"}]},{\"@type\":\"WebSite\",\"@id\":\"https:\/\/afidep.org\/fr\/#website\",\"url\":\"https:\/\/afidep.org\/fr\/\",\"name\":\"African Institute for Development Policy - AFIDEP\",\"description\":\"Bridging Development Research, Policy &amp; Practice\",\"potentialAction\":[{\"@type\":\"SearchAction\",\"target\":{\"@type\":\"EntryPoint\",\"urlTemplate\":\"https:\/\/afidep.org\/fr\/?s={search_term_string}\"},\"query-input\":\"required name=search_term_string\"}],\"inLanguage\":\"fr-FR\"}]}<\/script>\n<!-- \/ Yoast SEO plugin. -->","yoast_head_json":{"title":"Programme de formation \u00e0 l'\u00e9laboration de politiques fond\u00e9es sur des donn\u00e9es probantes - African Institute for Development Policy - AFIDEP","robots":{"index":"index","follow":"follow","max-snippet":"max-snippet:-1","max-image-preview":"max-image-preview:large","max-video-preview":"max-video-preview:-1"},"canonical":"https:\/\/afidep.org\/fr\/resources\/trainings\/evidence-informed-policy-making-training-curriculum\/","og_locale":"fr_FR","og_type":"article","og_title":"Programme de formation \u00e0 l'\u00e9laboration de politiques fond\u00e9es sur des donn\u00e9es probantes - African Institute for Development Policy - AFIDEP","og_url":"https:\/\/afidep.org\/fr\/resources\/trainings\/evidence-informed-policy-making-training-curriculum\/","og_site_name":"African Institute for Development Policy - AFIDEP","article_modified_time":"2022-11-28T22:56:18+00:00","twitter_card":"summary_large_image","schema":{"@context":"https:\/\/schema.org","@graph":[{"@type":"WebPage","@id":"https:\/\/afidep.org\/fr\/resources\/trainings\/evidence-informed-policy-making-training-curriculum\/","url":"https:\/\/afidep.org\/fr\/resources\/trainings\/evidence-informed-policy-making-training-curriculum\/","name":"Programme de formation \u00e0 l'\u00e9laboration de politiques fond\u00e9es sur des donn\u00e9es probantes - African Institute for Development Policy - AFIDEP","isPartOf":{"@id":"https:\/\/afidep.org\/fr\/#website"},"datePublished":"2019-06-17T08:00:48+00:00","dateModified":"2022-11-28T22:56:18+00:00","breadcrumb":{"@id":"https:\/\/afidep.org\/fr\/resources\/trainings\/evidence-informed-policy-making-training-curriculum\/#breadcrumb"},"inLanguage":"fr-FR","potentialAction":[{"@type":"ReadAction","target":["https:\/\/afidep.org\/fr\/resources\/trainings\/evidence-informed-policy-making-training-curriculum\/"]}]},{"@type":"BreadcrumbList","@id":"https:\/\/afidep.org\/fr\/resources\/trainings\/evidence-informed-policy-making-training-curriculum\/#breadcrumb","itemListElement":[{"@type":"ListItem","position":1,"name":"Home","item":"https:\/\/afidep.org\/fr\/"},{"@type":"ListItem","position":2,"name":"Ressources","item":"https:\/\/afidep.org\/fr\/resources\/"},{"@type":"ListItem","position":3,"name":"Formations","item":"https:\/\/afidep.org\/fr\/resources\/trainings\/"},{"@type":"ListItem","position":4,"name":"Programme de formation \u00e0 l&rsquo;\u00e9laboration de politiques fond\u00e9es sur des donn\u00e9es probantes"}]},{"@type":"WebSite","@id":"https:\/\/afidep.org\/fr\/#website","url":"https:\/\/afidep.org\/fr\/","name":"African Institute for Development Policy - AFIDEP","description":"Bridging Development Research, Policy &amp; Practice","potentialAction":[{"@type":"SearchAction","target":{"@type":"EntryPoint","urlTemplate":"https:\/\/afidep.org\/fr\/?s={search_term_string}"},"query-input":"required name=search_term_string"}],"inLanguage":"fr-FR"}]}},"campaignId":"","_links":{"self":[{"href":"https:\/\/afidep.org\/fr\/wp-json\/wp\/v2\/pages\/19800","targetHints":{"allow":["GET"]}}],"collection":[{"href":"https:\/\/afidep.org\/fr\/wp-json\/wp\/v2\/pages"}],"about":[{"href":"https:\/\/afidep.org\/fr\/wp-json\/wp\/v2\/types\/page"}],"author":[{"embeddable":true,"href":"https:\/\/afidep.org\/fr\/wp-json\/wp\/v2\/users\/1"}],"replies":[{"embeddable":true,"href":"https:\/\/afidep.org\/fr\/wp-json\/wp\/v2\/comments?post=19800"}],"version-history":[{"count":2,"href":"https:\/\/afidep.org\/fr\/wp-json\/wp\/v2\/pages\/19800\/revisions"}],"predecessor-version":[{"id":28207,"href":"https:\/\/afidep.org\/fr\/wp-json\/wp\/v2\/pages\/19800\/revisions\/28207"}],"up":[{"embeddable":true,"href":"https:\/\/afidep.org\/fr\/wp-json\/wp\/v2\/pages\/19818"}],"wp:attachment":[{"href":"https:\/\/afidep.org\/fr\/wp-json\/wp\/v2\/media?parent=19800"}],"curies":[{"name":"wp","href":"https:\/\/api.w.org\/{rel}","templated":true}]}}